{"id":126,"date":"2022-11-09T20:25:33","date_gmt":"2022-11-09T19:25:33","guid":{"rendered":"https:\/\/veterinape.sk\/?page_id=126"},"modified":"2026-01-05T11:08:51","modified_gmt":"2026-01-05T10:08:51","slug":"veterinarna-ambulancia-sa-nachadza-v-malych-uherciach-hned-vedla-sidliska-sipok-medzi-pastoracnym-centrom-a-obecnym-uradom-male-uherce","status":"publish","type":"page","link":"https:\/\/veterinape.sk\/","title":{"rendered":""},"content":{"rendered":"\n<p class=\"has-text-align-center\"><\/p>\n\n\n\n<p class=\"has-text-align-center\"><\/p>\n\n\n\n<h6 class=\"wp-block-heading alignfull has-text-align-center has-white-background-color has-background\"><strong>Veterin\u00e1rna<\/strong> klinika sa nach\u00e1dza v Mal\u00fdch Uherciach hne\u010f ved\u013ea s\u00eddliska \u0160\u00edpok medzi Pastora\u010dn\u00fdm centrom a Obecn\u00fdm \u00faradom Mal\u00e9 Uherce. \u0160pecializujeme sa na mal\u00e9 zvierat\u00e1 &#8211; psy, ma\u010dky a drobn\u00e9 hlodavce. Pon\u00fakame V\u00e1m veterin\u00e1rne slu\u017eby vr\u00e1tane chirurgick\u00fdch z\u00e1krokov, predaj kvalitn\u00fdch konzerv a krm\u00edv a strihanie psov. Mo\u017enos\u0165 parkovania priamo vo dvore veterin\u00e1rnej ambulancie.<\/h6>\n\n\n\n<figure class=\"wp-block-image alignwide size-large\"><img loading=\"lazy\" decoding=\"async\" width=\"1024\" height=\"965\" src=\"https:\/\/veterinape.sk\/wp-content\/uploads\/2022\/11\/domPNG1-1-1024x965.png\" alt=\"\" class=\"wp-image-290\" srcset=\"https:\/\/veterinape.sk\/wp-content\/uploads\/2022\/11\/domPNG1-1-1024x965.png 1024w, https:\/\/veterinape.sk\/wp-content\/uploads\/2022\/11\/domPNG1-1-300x283.png 300w, https:\/\/veterinape.sk\/wp-content\/uploads\/2022\/11\/domPNG1-1-768x724.png 768w, https:\/\/veterinape.sk\/wp-content\/uploads\/2022\/11\/domPNG1-1-1536x1447.png 1536w, https:\/\/veterinape.sk\/wp-content\/uploads\/2022\/11\/domPNG1-1-2048x1930.png 2048w\" sizes=\"auto, (max-width: 1024px) 100vw, 1024px\" \/><\/figure>\n\n\n<div class=\"wp-block-image\">\n<figure class=\"aligncenter size-full is-resized\"><a href=\"https:\/\/www.royalcanin.com\/sk\"><img loading=\"lazy\" decoding=\"async\" width=\"300\" height=\"142\" src=\"https:\/\/veterinape.sk\/wp-content\/uploads\/2022\/11\/banner_royal_canin_300x142px.jpg\" alt=\"\" class=\"wp-image-132\" style=\"width:203px;height:96px\"\/><\/a><\/figure><\/div>\n\n<div class=\"wp-block-image is-style-default\">\n<figure class=\"aligncenter size-full is-resized\"><img loading=\"lazy\" decoding=\"async\" width=\"279\" height=\"350\" src=\"http:\/\/veterinape.sk\/wp-content\/uploads\/2022\/11\/dog3.gif\" alt=\"\" class=\"wp-image-9\" style=\"width:140px;height:175px\"\/><\/figure><\/div>\n\n\n<p><\/p>\n","protected":false},"excerpt":{"rendered":"<p>Veterin\u00e1rna klinika sa nach\u00e1dza v Mal\u00fdch Uherciach hne\u010f ved\u013ea s\u00eddliska \u0160\u00edpok medzi Pastora\u010dn\u00fdm centrom a Obecn\u00fdm \u00faradom Mal\u00e9 Uherce. \u0160pecializujeme sa na mal\u00e9 zvierat\u00e1 &#8211; psy, ma\u010dky a drobn\u00e9 hlodavce. Pon\u00fakame V\u00e1m veterin\u00e1rne slu\u017eby vr\u00e1tane chirurgick\u00fdch z\u00e1krokov, predaj kvalitn\u00fdch konzerv a krm\u00edv a strihanie psov. Mo\u017enos\u0165 parkovania priamo vo dvore veterin\u00e1rnej ambulancie.<\/p>\n","protected":false},"author":1,"featured_media":0,"parent":0,"menu_order":0,"comment_status":"closed","ping_status":"closed","template":"","meta":{"_monsterinsights_skip_tracking":false,"_monsterinsights_sitenote_active":false,"_monsterinsights_sitenote_note":"","_monsterinsights_sitenote_category":0,"footnotes":""},"class_list":["post-126","page","type-page","status-publish","hentry"],"_links":{"self":[{"href":"https:\/\/veterinape.sk\/index.php?rest_route=\/wp\/v2\/pages\/126","targetHints":{"allow":["GET"]}}],"collection":[{"href":"https:\/\/veterinape.sk\/index.php?rest_route=\/wp\/v2\/pages"}],"about":[{"href":"https:\/\/veterinape.sk\/index.php?rest_route=\/wp\/v2\/types\/page"}],"author":[{"embeddable":true,"href":"https:\/\/veterinape.sk\/index.php?rest_route=\/wp\/v2\/users\/1"}],"replies":[{"embeddable":true,"href":"https:\/\/veterinape.sk\/index.php?rest_route=%2Fwp%2Fv2%2Fcomments&post=126"}],"version-history":[{"count":6,"href":"https:\/\/veterinape.sk\/index.php?rest_route=\/wp\/v2\/pages\/126\/revisions"}],"predecessor-version":[{"id":443,"href":"https:\/\/veterinape.sk\/index.php?rest_route=\/wp\/v2\/pages\/126\/revisions\/443"}],"wp:attachment":[{"href":"https:\/\/veterinape.sk\/index.php?rest_route=%2Fwp%2Fv2%2Fmedia&parent=126"}],"curies":[{"name":"wp","href":"https:\/\/api.w.org\/{rel}","templated":true}]}}