{"id":75,"date":"2022-11-09T13:15:55","date_gmt":"2022-11-09T12:15:55","guid":{"rendered":"https:\/\/veterinape.sk\/?page_id=75"},"modified":"2022-11-21T21:27:09","modified_gmt":"2022-11-21T20:27:09","slug":"strihanie-psov","status":"publish","type":"page","link":"https:\/\/veterinape.sk\/?page_id=75","title":{"rendered":""},"content":{"rendered":"\n<h3 class=\"has-text-align-center has-red-color has-text-color wp-block-heading\"><strong>Na&nbsp; strihanie&nbsp; psov&nbsp; je&nbsp; nutn\u00e9&nbsp; sa objedna\u0165&nbsp; osobne&nbsp; alebo telefonicky <u>(<\/u>0908 270 765) <\/strong><\/h3>\n\n\n\n<h3 class=\"has-text-align-center has-red-color has-text-color wp-block-heading\"><strong>Objedna\u0165 sa treba aspo\u0148 3-4 dni dopredu. <\/strong><\/h3>\n\n\n<div class=\"wp-block-image\">\n<figure class=\"aligncenter size-large\"><img loading=\"lazy\" decoding=\"async\" width=\"1024\" height=\"580\" src=\"https:\/\/veterinape.sk\/wp-content\/uploads\/2022\/11\/psy-1024x580.jpg\" alt=\"\" class=\"wp-image-347\" srcset=\"https:\/\/veterinape.sk\/wp-content\/uploads\/2022\/11\/psy-1024x580.jpg 1024w, https:\/\/veterinape.sk\/wp-content\/uploads\/2022\/11\/psy-300x170.jpg 300w, https:\/\/veterinape.sk\/wp-content\/uploads\/2022\/11\/psy-768x435.jpg 768w, https:\/\/veterinape.sk\/wp-content\/uploads\/2022\/11\/psy-1536x870.jpg 1536w, https:\/\/veterinape.sk\/wp-content\/uploads\/2022\/11\/psy-2048x1161.jpg 2048w\" sizes=\"auto, (max-width: 1024px) 100vw, 1024px\" \/><\/figure><\/div>\n\n\n<h5 class=\"has-text-align-center wp-block-heading\"><strong>Ps\u00edka treba prinies\u0165 na strihane ok\u00fapan\u00e9ho, inak je \u00faprava n\u00e1ro\u010dnej\u0161ia a nie v\u017edy pod\u013ea \u017eelania majite\u013ea!<\/strong><\/h5>\n\n\n\n<h4 class=\"has-text-align-center has-red-color has-text-color wp-block-heading\"><strong>Za zanedban\u00e9ho ps\u00edka je pr\u00edplatok!<\/strong><\/h4>\n\n\n\n<h5 class=\"has-text-align-center wp-block-heading\"><em>Strihov\u00e1 \u00faprava je pod\u013ea \u0161tandardu plemena alebo pod\u013ea \u017eelania majite\u013ea. Poskytujeme aj poradenstvo a predaj v oblasti pou\u017eitia \u0161amp\u00f3nov, kondicion\u00e9rov, hrebe\u0148ov, kef, no\u017eni\u010diek na strihanie paz\u00farikov.<\/em><\/h5>\n\n\n<div class=\"wp-block-image\">\n<figure class=\"aligncenter size-full is-resized\"><img loading=\"lazy\" decoding=\"async\" src=\"https:\/\/veterinape.sk\/wp-content\/uploads\/2022\/11\/dog2.gif\" alt=\"\" class=\"wp-image-262\" width=\"263\" height=\"202\"\/><\/figure><\/div>","protected":false},"excerpt":{"rendered":"<p>Na&nbsp; strihanie&nbsp; psov&nbsp; je&nbsp; nutn\u00e9&nbsp; sa objedna\u0165&nbsp; osobne&nbsp; alebo telefonicky (0908 270 765) Objedna\u0165 sa treba aspo\u0148 3-4 dni dopredu. Ps\u00edka treba prinies\u0165 na strihane ok\u00fapan\u00e9ho, inak je \u00faprava n\u00e1ro\u010dnej\u0161ia a nie v\u017edy pod\u013ea \u017eelania majite\u013ea! Za zanedban\u00e9ho ps\u00edka je pr\u00edplatok! Strihov\u00e1 \u00faprava je pod\u013ea \u0161tandardu plemena alebo pod\u013ea \u017eelania majite\u013ea. Poskytujeme aj poradenstvo a &hellip; <a href=\"https:\/\/veterinape.sk\/?page_id=75\" class=\"more-link\">Pokra\u010dova\u0165 na <span class=\"screen-reader-text\"><\/span> <span class=\"meta-nav\">&rarr;<\/span><\/a><\/p>\n","protected":false},"author":1,"featured_media":0,"parent":0,"menu_order":0,"comment_status":"closed","ping_status":"closed","template":"","meta":{"_monsterinsights_skip_tracking":false,"_monsterinsights_sitenote_active":false,"_monsterinsights_sitenote_note":"","_monsterinsights_sitenote_category":0,"footnotes":""},"class_list":["post-75","page","type-page","status-publish","hentry"],"_links":{"self":[{"href":"https:\/\/veterinape.sk\/index.php?rest_route=\/wp\/v2\/pages\/75","targetHints":{"allow":["GET"]}}],"collection":[{"href":"https:\/\/veterinape.sk\/index.php?rest_route=\/wp\/v2\/pages"}],"about":[{"href":"https:\/\/veterinape.sk\/index.php?rest_route=\/wp\/v2\/types\/page"}],"author":[{"embeddable":true,"href":"https:\/\/veterinape.sk\/index.php?rest_route=\/wp\/v2\/users\/1"}],"replies":[{"embeddable":true,"href":"https:\/\/veterinape.sk\/index.php?rest_route=%2Fwp%2Fv2%2Fcomments&post=75"}],"version-history":[{"count":7,"href":"https:\/\/veterinape.sk\/index.php?rest_route=\/wp\/v2\/pages\/75\/revisions"}],"predecessor-version":[{"id":355,"href":"https:\/\/veterinape.sk\/index.php?rest_route=\/wp\/v2\/pages\/75\/revisions\/355"}],"wp:attachment":[{"href":"https:\/\/veterinape.sk\/index.php?rest_route=%2Fwp%2Fv2%2Fmedia&parent=75"}],"curies":[{"name":"wp","href":"https:\/\/api.w.org\/{rel}","templated":true}]}}