{"id":79,"date":"2022-11-09T13:16:21","date_gmt":"2022-11-09T12:16:21","guid":{"rendered":"https:\/\/veterinape.sk\/?page_id=79"},"modified":"2025-10-01T15:28:20","modified_gmt":"2025-10-01T13:28:20","slug":"pohotovost","status":"publish","type":"page","link":"https:\/\/veterinape.sk\/?page_id=79","title":{"rendered":""},"content":{"rendered":"\n<p class=\"has-text-align-center has-red-color has-text-color\" style=\"font-size:35px\"><strong>Ve\u010dern\u00e9 pohotovosti funguj\u00fa do 20:00 <\/strong><\/p>\n\n\n\n<p class=\"has-text-align-center has-red-color has-text-color has-large-font-size\"><strong>No\u010dn\u00e9 pohotovosti neposkytujeme!<\/strong><\/p>\n\n\n\n<h4 class=\"wp-block-heading has-text-align-center\"><strong>Pohotovos\u0165 funguje ka\u017ed\u00fd v\u00edkend, sviatok a ka\u017ed\u00fd de\u0148 po ordina\u010dn\u00fdch hodin\u00e1ch<\/strong><\/h4>\n\n\n\n<h3 class=\"wp-block-heading has-text-align-center has-red-color has-text-color\"><strong>Vola\u0165 m\u00f4\u017eete na tel. \u010d\u00edslo: <\/strong>    0908 270 765<\/h3>\n\n\n\n<h3 class=\"wp-block-heading has-text-align-center has-red-color has-text-color\" style=\"font-size:25px\">Pohotovostn\u00fd pr\u00edplatok pre na\u0161ich <mark style=\"background-color:rgba(0, 0, 0, 0);color:#e05050\" class=\"has-inline-color\">st\u00e1lych klientov<\/mark> je 23\u20ac<\/h3>\n\n\n\n<h3 class=\"wp-block-heading has-text-align-center has-red-color has-text-color\">Pohotovostn\u00fd pr\u00edplatok pre <mark style=\"background-color:rgba(0, 0, 0, 0);color:#f44949\" class=\"has-inline-color\">nov\u00fdch klientov<\/mark> je 48\u20ac<\/h3>\n\n\n\n<p class=\"has-text-align-center\"><strong><mark style=\"background-color:rgba(0, 0, 0, 0);color:#d83a3a\" class=\"has-inline-color\">Pod pojmom \u201e<\/mark><em><mark style=\"background-color:rgba(0, 0, 0, 0);color:#3b78d9\" class=\"has-inline-color\">st\u00e1ly klient<\/mark><\/em><mark style=\"background-color:rgba(0, 0, 0, 0);color:#d83a3a\" class=\"has-inline-color\">\u201c sa rozumie klient, ktor\u00fd pravidelne<br>nav\u0161tevuje na\u0161u veterin\u00e1rnu ambulanciu vr\u00e1tane povinn\u00fdch ro\u010dn\u00fdch<br>vakcin\u00e1cii, o\u0161etrenia zvierat a&nbsp;chirurgick\u00fdch z\u00e1krokov.<\/mark><\/strong><\/p>\n\n\n\n<p class=\"has-text-align-center\"><strong><mark style=\"background-color:rgba(0, 0, 0, 0);color:#e73838\" class=\"has-inline-color\">Pod pojmom \u201e<\/mark><em><mark style=\"background-color:rgba(0, 0, 0, 0);color:#388ee8\" class=\"has-inline-color\">nov\u00fd klient<\/mark><\/em><mark style=\"background-color:rgba(0, 0, 0, 0);color:#e73838\" class=\"has-inline-color\">\u201c sa rozumie klient, ktor\u00fd m\u00e1 pravideln\u00e9<br>ro\u010dn\u00e9 vakcin\u00e1cie uskuto\u010dnen\u00e9 v&nbsp;inej veterin\u00e1rnej ambulancii.<\/mark><\/strong><\/p>\n\n\n\n<h2 class=\"wp-block-heading has-text-align-center\"><\/h2>\n\n\n\n<figure class=\"wp-block-image size-large\"><img loading=\"lazy\" decoding=\"async\" width=\"1024\" height=\"739\" src=\"https:\/\/veterinape.sk\/wp-content\/uploads\/2022\/11\/obrazok-pohotovost-1024x739.png\" alt=\"\" class=\"wp-image-356\" srcset=\"https:\/\/veterinape.sk\/wp-content\/uploads\/2022\/11\/obrazok-pohotovost-1024x739.png 1024w, https:\/\/veterinape.sk\/wp-content\/uploads\/2022\/11\/obrazok-pohotovost-300x217.png 300w, https:\/\/veterinape.sk\/wp-content\/uploads\/2022\/11\/obrazok-pohotovost-768x554.png 768w, https:\/\/veterinape.sk\/wp-content\/uploads\/2022\/11\/obrazok-pohotovost-1536x1109.png 1536w, https:\/\/veterinape.sk\/wp-content\/uploads\/2022\/11\/obrazok-pohotovost-2048x1478.png 2048w\" sizes=\"auto, (max-width: 1024px) 100vw, 1024px\" \/><\/figure>\n\n\n\n<p><\/p>\n","protected":false},"excerpt":{"rendered":"<p>Ve\u010dern\u00e9 pohotovosti funguj\u00fa do 20:00 No\u010dn\u00e9 pohotovosti neposkytujeme! Pohotovos\u0165 funguje ka\u017ed\u00fd v\u00edkend, sviatok a ka\u017ed\u00fd de\u0148 po ordina\u010dn\u00fdch hodin\u00e1ch Vola\u0165 m\u00f4\u017eete na tel. \u010d\u00edslo: 0908 270 765 Pohotovostn\u00fd pr\u00edplatok pre na\u0161ich st\u00e1lych klientov je 23\u20ac Pohotovostn\u00fd pr\u00edplatok pre nov\u00fdch klientov je 48\u20ac Pod pojmom \u201est\u00e1ly klient\u201c sa rozumie klient, ktor\u00fd pravidelnenav\u0161tevuje na\u0161u veterin\u00e1rnu ambulanciu vr\u00e1tane &hellip; <a href=\"https:\/\/veterinape.sk\/?page_id=79\" class=\"more-link\">Pokra\u010dova\u0165 na <span class=\"screen-reader-text\"><\/span> <span class=\"meta-nav\">&rarr;<\/span><\/a><\/p>\n","protected":false},"author":1,"featured_media":0,"parent":0,"menu_order":0,"comment_status":"closed","ping_status":"closed","template":"","meta":{"_monsterinsights_skip_tracking":false,"_monsterinsights_sitenote_active":false,"_monsterinsights_sitenote_note":"","_monsterinsights_sitenote_category":0,"footnotes":""},"class_list":["post-79","page","type-page","status-publish","hentry"],"_links":{"self":[{"href":"https:\/\/veterinape.sk\/index.php?rest_route=\/wp\/v2\/pages\/79","targetHints":{"allow":["GET"]}}],"collection":[{"href":"https:\/\/veterinape.sk\/index.php?rest_route=\/wp\/v2\/pages"}],"about":[{"href":"https:\/\/veterinape.sk\/index.php?rest_route=\/wp\/v2\/types\/page"}],"author":[{"embeddable":true,"href":"https:\/\/veterinape.sk\/index.php?rest_route=\/wp\/v2\/users\/1"}],"replies":[{"embeddable":true,"href":"https:\/\/veterinape.sk\/index.php?rest_route=%2Fwp%2Fv2%2Fcomments&post=79"}],"version-history":[{"count":5,"href":"https:\/\/veterinape.sk\/index.php?rest_route=\/wp\/v2\/pages\/79\/revisions"}],"predecessor-version":[{"id":424,"href":"https:\/\/veterinape.sk\/index.php?rest_route=\/wp\/v2\/pages\/79\/revisions\/424"}],"wp:attachment":[{"href":"https:\/\/veterinape.sk\/index.php?rest_route=%2Fwp%2Fv2%2Fmedia&parent=79"}],"curies":[{"name":"wp","href":"https:\/\/api.w.org\/{rel}","templated":true}]}}